{"id":85,"date":"2023-09-13T02:52:39","date_gmt":"2023-09-13T02:52:39","guid":{"rendered":"http:\/\/aniem.org\/?page_id=85"},"modified":"2023-09-25T00:36:42","modified_gmt":"2023-09-25T00:36:42","slug":"normateca","status":"publish","type":"page","link":"https:\/\/aniem.org\/index.php\/normateca\/","title":{"rendered":"Normateca"},"content":{"rendered":"<p>[et_pb_section fb_built=\u00bb1&#8243; theme_builder_area=\u00bbpost_content\u00bb _builder_version=\u00bb4.22.1&#8243; _module_preset=\u00bbdefault\u00bb][et_pb_row column_structure=\u00bb3_5,2_5&#8243; _builder_version=\u00bb4.16&#8243; _module_preset=\u00bbdefault\u00bb locked=\u00bboff\u00bb global_colors_info=\u00bb{}\u00bb theme_builder_area=\u00bbpost_content\u00bb][et_pb_column type=\u00bb3_5&#8243; _builder_version=\u00bb4.16&#8243; _module_preset=\u00bbdefault\u00bb custom_padding=\u00bb|||\u00bb global_colors_info=\u00bb{}\u00bb custom_padding__hover=\u00bb|||\u00bb theme_builder_area=\u00bbpost_content\u00bb][et_pb_image src=\u00bbhttps:\/\/baseaniem.aniem.org\/wp-content\/uploads\/2023\/05\/MIniatura-BMW.png\u00bb alt=\u00bbANIEM Congreso\u00bb title_text=\u00bbANIEM Congreso\u00bb _builder_version=\u00bb4.22.1&#8243; _module_preset=\u00bbdefault\u00bb hover_enabled=\u00bb0&#8243; global_colors_info=\u00bb{}\u00bb theme_builder_area=\u00bbpost_content\u00bb sticky_enabled=\u00bb0&#8243;][\/et_pb_image][\/et_pb_column][et_pb_column type=\u00bb2_5&#8243; _builder_version=\u00bb4.16&#8243; _module_preset=\u00bbdefault\u00bb custom_padding=\u00bb|||\u00bb global_colors_info=\u00bb{}\u00bb custom_padding__hover=\u00bb|||\u00bb theme_builder_area=\u00bbpost_content\u00bb][et_pb_text _builder_version=\u00bb4.22.1&#8243; _module_preset=\u00bbad5f9e8a-dedd-4751-ba8b-4faf3193f06f\u00bb text_font=\u00bb||||||||\u00bb text_font_size=\u00bb16px\u00bb text_line_height=\u00bb2em\u00bb header_font=\u00bb||||||||\u00bb header_font_size=\u00bb55px\u00bb header_2_text_align=\u00bbcenter\u00bb header_2_letter_spacing=\u00bb1px\u00bb header_2_line_height=\u00bb1.3em\u00bb header_3_line_height=\u00bb1.4em\u00bb header_6_font=\u00bb||||||||\u00bb text_orientation=\u00bbcenter\u00bb max_width=\u00bb800px\u00bb module_alignment=\u00bbcenter\u00bb text_font_size_tablet=\u00bb\u00bb text_font_size_phone=\u00bb14px\u00bb text_font_size_last_edited=\u00bbon|phone\u00bb locked=\u00bboff\u00bb global_colors_info=\u00bb{}\u00bb theme_builder_area=\u00bbpost_content\u00bb]<\/p>\n<h1 class=\"entry-title\">Normateca<\/h1>\n<p>[\/et_pb_text][et_pb_text _builder_version=\u00bb4.22.1&#8243; _module_preset=\u00bbad5f9e8a-dedd-4751-ba8b-4faf3193f06f\u00bb text_font=\u00bb||||||||\u00bb text_font_size=\u00bb16px\u00bb text_line_height=\u00bb2em\u00bb header_font=\u00bb||||||||\u00bb header_2_text_align=\u00bbcenter\u00bb header_2_letter_spacing=\u00bb1px\u00bb header_2_line_height=\u00bb1.3em\u00bb header_3_line_height=\u00bb1.4em\u00bb header_6_font=\u00bb||||||||\u00bb max_width=\u00bb800px\u00bb module_alignment=\u00bbcenter\u00bb text_font_size_tablet=\u00bb\u00bb text_font_size_phone=\u00bb14px\u00bb text_font_size_last_edited=\u00bbon|phone\u00bb locked=\u00bboff\u00bb global_colors_info=\u00bb{}\u00bb theme_builder_area=\u00bbpost_content\u00bb]<\/p>\n<p style=\"text-align: left;\"><span>Esta secci\u00f3n tiene la intenci\u00f3n de informarte sobre los usos y condiciones de la p\u00e1gina de la Asociaci\u00f3n Nacional por la Inclusividad Educativa, A.C., as\u00ed como integrarte a la investigaci\u00f3n de las principales fuentes de jurisprudencia en torno a la Inclusividad Educativa.<\/span><\/p>\n<p>[\/et_pb_text][\/et_pb_column][\/et_pb_row][\/et_pb_section]<\/p>\n","protected":false},"excerpt":{"rendered":"<p>NormatecaEsta secci\u00f3n tiene la intenci\u00f3n de informarte sobre los usos y condiciones de la p\u00e1gina de la Asociaci\u00f3n Nacional por la Inclusividad Educativa, A.C., as\u00ed como integrarte a la investigaci\u00f3n de las principales fuentes de jurisprudencia en torno a la Inclusividad Educativa.<\/p>\n","protected":false},"author":1,"featured_media":0,"parent":0,"menu_order":0,"comment_status":"closed","ping_status":"closed","template":"","meta":{"_et_pb_use_builder":"on","_et_pb_old_content":"<!-- wp:divi\/placeholder \/-->","_et_gb_content_width":"","footnotes":""},"class_list":["post-85","page","type-page","status-publish","hentry"],"_links":{"self":[{"href":"https:\/\/aniem.org\/index.php\/wp-json\/wp\/v2\/pages\/85"}],"collection":[{"href":"https:\/\/aniem.org\/index.php\/wp-json\/wp\/v2\/pages"}],"about":[{"href":"https:\/\/aniem.org\/index.php\/wp-json\/wp\/v2\/types\/page"}],"author":[{"embeddable":true,"href":"https:\/\/aniem.org\/index.php\/wp-json\/wp\/v2\/users\/1"}],"replies":[{"embeddable":true,"href":"https:\/\/aniem.org\/index.php\/wp-json\/wp\/v2\/comments?post=85"}],"version-history":[{"count":3,"href":"https:\/\/aniem.org\/index.php\/wp-json\/wp\/v2\/pages\/85\/revisions"}],"predecessor-version":[{"id":327,"href":"https:\/\/aniem.org\/index.php\/wp-json\/wp\/v2\/pages\/85\/revisions\/327"}],"wp:attachment":[{"href":"https:\/\/aniem.org\/index.php\/wp-json\/wp\/v2\/media?parent=85"}],"curies":[{"name":"wp","href":"https:\/\/api.w.org\/{rel}","templated":true}]}}