{"id":71,"date":"2023-09-13T02:46:29","date_gmt":"2023-09-13T02:46:29","guid":{"rendered":"http:\/\/aniem.org\/?page_id=71"},"modified":"2023-09-24T22:21:10","modified_gmt":"2023-09-24T22:21:10","slug":"ensayos","status":"publish","type":"page","link":"https:\/\/aniem.org\/index.php\/ensayos\/","title":{"rendered":"Ensayos"},"content":{"rendered":"<p>[et_pb_section fb_built=\u00bb1&#8243; fullwidth=\u00bbon\u00bb admin_label=\u00bbHeader\u00bb _builder_version=\u00bb4.22.1&#8243; _module_preset=\u00bbdefault\u00bb background_color=\u00bb#E2AD17&#8243; background_image=\u00bbhttps:\/\/baseaniem.aniem.org\/wp-content\/uploads\/2021\/12\/13.png\u00bb parallax=\u00bbon\u00bb custom_margin=\u00bb||\u00bb custom_padding=\u00bb12vw||12vw||true\u00bb locked=\u00bboff\u00bb global_colors_info=\u00bb{}\u00bb][et_pb_fullwidth_header title=\u00bbEnsayos\u00bb text_orientation=\u00bbcenter\u00bb content_max_width=\u00bb650px\u00bb _builder_version=\u00bb4.22.1&#8243; _module_preset=\u00bbdefault\u00bb title_font=\u00bbFredoka One||||||||\u00bb title_text_color=\u00bb#FFFFFF\u00bb title_font_size=\u00bb80px\u00bb title_line_height=\u00bb1.4em\u00bb content_font=\u00bbMuli||||||||\u00bb content_font_size=\u00bb18px\u00bb content_line_height=\u00bb1.8em\u00bb background_color=\u00bbrgba(126,190,197,0)\u00bb custom_button_one=\u00bbon\u00bb button_one_text_size=\u00bb16px\u00bb button_one_text_color=\u00bb#ff236c\u00bb button_one_bg_color=\u00bb#ffffff\u00bb button_one_border_width=\u00bb12px\u00bb button_one_border_color=\u00bbrgba(0,0,0,0)\u00bb button_one_border_radius=\u00bb50px\u00bb button_one_letter_spacing=\u00bb4px\u00bb button_one_font=\u00bbFredoka One|||on|||||\u00bb button_one_use_icon=\u00bboff\u00bb custom_button_two=\u00bbon\u00bb button_two_text_size=\u00bb16px\u00bb button_two_text_color=\u00bb#ff236c\u00bb button_two_bg_color=\u00bb#ffffff\u00bb button_two_border_width=\u00bb12px\u00bb button_two_border_color=\u00bb#ffffff\u00bb button_two_border_radius=\u00bb50px\u00bb button_two_letter_spacing=\u00bb4px\u00bb button_two_font=\u00bbFredoka One|900||on|||||\u00bb button_two_use_icon=\u00bboff\u00bb background_layout=\u00bblight\u00bb custom_padding=\u00bb0px||0px||true\u00bb custom_padding_last_edited=\u00bboff|desktop\u00bb animation_style=\u00bbzoom\u00bb animation_intensity_zoom=\u00bb5%\u00bb title_font_size_tablet=\u00bb60px\u00bb title_font_size_phone=\u00bb40px\u00bb title_font_size_last_edited=\u00bbon|phone\u00bb content_font_size_tablet=\u00bb\u00bb content_font_size_phone=\u00bb16px\u00bb content_font_size_last_edited=\u00bbon|phone\u00bb custom_css_header_container=\u00bbwidth: 100%;\u00bb title_text_shadow_style=\u00bbpreset2&#8243; title_text_shadow_color=\u00bb#E09900&#8243; box_shadow_style_button_one=\u00bbpreset3&#8243; box_shadow_blur_button_one=\u00bb48px\u00bb button_one_letter_spacing_hover=\u00bb4px\u00bb button_two_letter_spacing_hover=\u00bb4px\u00bb global_colors_info=\u00bb{}\u00bb button_one_text_size__hover_enabled=\u00bboff\u00bb button_two_text_size__hover_enabled=\u00bboff\u00bb button_one_text_color__hover_enabled=\u00bboff\u00bb button_two_text_color__hover_enabled=\u00bboff\u00bb button_one_border_width__hover_enabled=\u00bboff\u00bb button_two_border_width__hover_enabled=\u00bboff\u00bb button_one_border_color__hover_enabled=\u00bboff\u00bb button_two_border_color__hover_enabled=\u00bboff\u00bb button_one_border_radius__hover_enabled=\u00bboff\u00bb button_two_border_radius__hover_enabled=\u00bboff\u00bb button_one_letter_spacing__hover_enabled=\u00bbon\u00bb button_one_letter_spacing__hover=\u00bb4px\u00bb button_two_letter_spacing__hover_enabled=\u00bbon\u00bb button_two_letter_spacing__hover=\u00bb4px\u00bb button_one_bg_color__hover_enabled=\u00bboff\u00bb button_two_bg_color__hover_enabled=\u00bboff\u00bb background_color__hover=\u00bb#7EBEC5&#8243; background_color__hover_enabled=\u00bb#7EBEC5&#8243; use_background_color_gradient__hover=\u00bboff\u00bb use_background_color_gradient__hover_enabled=\u00bboff\u00bb background_color_gradient_start__hover=\u00bb#2b87da\u00bb background_color_gradient_start__hover_enabled=\u00bb#2b87da\u00bb background_color_gradient_end__hover=\u00bb#29c4a9&#8243; background_color_gradient_end__hover_enabled=\u00bb#29c4a9&#8243; background_color_gradient_type__hover=\u00bblinear\u00bb background_color_gradient_type__hover_enabled=\u00bblinear\u00bb background_color_gradient_direction__hover=\u00bb180deg\u00bb background_color_gradient_direction__hover_enabled=\u00bb180deg\u00bb background_color_gradient_direction_radial__hover=\u00bbcenter\u00bb background_color_gradient_direction_radial__hover_enabled=\u00bbcenter\u00bb background_color_gradient_start_position__hover=\u00bb0%\u00bb background_color_gradient_start_position__hover_enabled=\u00bb0%\u00bb background_color_gradient_end_position__hover=\u00bb100%\u00bb background_color_gradient_end_position__hover_enabled=\u00bb100%\u00bb background_color_gradient_overlays_image__hover=\u00bboff\u00bb background_color_gradient_overlays_image__hover_enabled=\u00bboff\u00bb parallax__hover=\u00bboff\u00bb parallax__hover_enabled=\u00bboff\u00bb parallax_method__hover=\u00bboff\u00bb parallax_method__hover_enabled=\u00bboff\u00bb background_size__hover=\u00bbcover\u00bb background_size__hover_enabled=\u00bbcover\u00bb background_position__hover=\u00bbcenter\u00bb background_position__hover_enabled=\u00bbcenter\u00bb background_repeat__hover=\u00bbno-repeat\u00bb background_repeat__hover_enabled=\u00bbno-repeat\u00bb background_blend__hover=\u00bbnormal\u00bb background_blend__hover_enabled=\u00bbnormal\u00bb allow_player_pause__hover=\u00bboff\u00bb allow_player_pause__hover_enabled=\u00bboff\u00bb background_video_pause_outside_viewport__hover=\u00bbon\u00bb background_video_pause_outside_viewport__hover_enabled=\u00bbon\u00bb background_color_gradient_stops__hover=\u00bb#2b87da 0%|#29c4a9 100%\u00bb][\/et_pb_fullwidth_header][\/et_pb_section][et_pb_section fb_built=\u00bb1&#8243; _builder_version=\u00bb4.21.2&#8243; _module_preset=\u00bbdefault\u00bb global_colors_info=\u00bb{}\u00bb][et_pb_row _builder_version=\u00bb4.16&#8243; _module_preset=\u00bbdefault\u00bb locked=\u00bboff\u00bb global_colors_info=\u00bb{}\u00bb][et_pb_column type=\u00bb4_4&#8243; _builder_version=\u00bb4.16&#8243; _module_preset=\u00bbdefault\u00bb custom_padding=\u00bb|||\u00bb global_colors_info=\u00bb{}\u00bb custom_padding__hover=\u00bb|||\u00bb][et_pb_text _builder_version=\u00bb4.22.1&#8243; _module_preset=\u00bb17c46823-c018-489c-a99f-44c95ff740a5&#8243; text_font=\u00bb||||||||\u00bb header_font=\u00bb||||||||\u00bb header_2_font=\u00bbFredoka One||||||||\u00bb header_2_font_size=\u00bb60px\u00bb header_2_line_height=\u00bb1.2em\u00bb text_orientation=\u00bbcenter\u00bb header_2_font_size_tablet=\u00bb50px\u00bb header_2_font_size_phone=\u00bb30px\u00bb header_2_font_size_last_edited=\u00bbon|phone\u00bb locked=\u00bboff\u00bb global_colors_info=\u00bb{}\u00bb]<\/p>\n<h2 class=\"wp-block-heading\"><strong>Pol\u00edtica educativa, instrucci\u00f3n p\u00fablica y educaci\u00f3n<\/strong><\/h2>\n<p>[\/et_pb_text][\/et_pb_column][\/et_pb_row][et_pb_row column_structure=\u00bb3_5,2_5&#8243; _builder_version=\u00bb4.16&#8243; _module_preset=\u00bbdefault\u00bb locked=\u00bboff\u00bb global_colors_info=\u00bb{}\u00bb][et_pb_column type=\u00bb3_5&#8243; _builder_version=\u00bb4.16&#8243; _module_preset=\u00bbdefault\u00bb custom_padding=\u00bb|||\u00bb global_colors_info=\u00bb{}\u00bb custom_padding__hover=\u00bb|||\u00bb][et_pb_text _builder_version=\u00bb4.22.1&#8243; _module_preset=\u00bb17c46823-c018-489c-a99f-44c95ff740a5&#8243; text_font=\u00bb||||||||\u00bb text_font_size=\u00bb16px\u00bb text_line_height=\u00bb2em\u00bb header_font=\u00bb||||||||\u00bb header_2_text_align=\u00bbcenter\u00bb header_2_letter_spacing=\u00bb1px\u00bb header_2_line_height=\u00bb1.3em\u00bb header_3_line_height=\u00bb1.4em\u00bb header_6_font=\u00bb||||||||\u00bb text_orientation=\u00bbjustified\u00bb max_width=\u00bb800px\u00bb module_alignment=\u00bbcenter\u00bb text_font_size_tablet=\u00bb\u00bb text_font_size_phone=\u00bb14px\u00bb text_font_size_last_edited=\u00bbon|phone\u00bb locked=\u00bboff\u00bb global_colors_info=\u00bb{}\u00bb]<\/p>\n<h3><span>En este ensayo se pretende analizar la confusi\u00f3n que existe entre el concepto actual de educaci\u00f3n y de instrucci\u00f3n, que se deriva de una err\u00f3nea interpretaci\u00f3n conceptual, basada en una inferencia centralizada de las pol\u00edticas educativas, la cual surge, ante la falta de contextualizaci\u00f3n en la econom\u00eda de mercado.<\/span><\/h3>\n<h3><span>Esta discrepancia la identifiqu\u00e9 en mi pr\u00e1ctica docente ante la conformaci\u00f3n de una pr\u00e1ctica educativa que me permitiera realizar una intervenci\u00f3n psicopedag\u00f3gica acorde a los principios de realidad educativa de los j\u00f3venes adolescentes, donde se buscaba que el estudiante adquiriera conciencia de su papel hist\u00f3rico en una sociedad basada en una l\u00f3gica de capital, integrando y analizando el concepto de marginaci\u00f3n social y su integraci\u00f3n a un libre mercado competitivo, donde la instrucci\u00f3n p\u00fablica sea una inversi\u00f3n, que redit\u00fae en una plusval\u00eda potencial impl\u00edcita, sustentada en la teor\u00eda del capital humano, empoderando bajo esa perspectiva global a la instrucci\u00f3n por un acto de mera supervivencia social, basada en la integraci\u00f3n a procesos operativos instruccionales de mercado que le ayudase a no ser marginado socialmente, pero que a su vez no lo supediten a una dependencia econ\u00f3mica y a un planteamiento ontol\u00f3gico vital de coexistencia, integr\u00e1ndolo a un proceso de vida econ\u00f3mica, pol\u00edtica, social y cultural de manera consciente, sin que pierda su capacidad de pensar, su identidad cultural, su libertad y su integridad pol\u00edtica y social, procesos que s\u00ed est\u00e1n identificados como elementos de la educaci\u00f3n.<\/span><br \/><strong><\/strong><\/h3>\n<p><strong><\/strong><\/p>\n<p>[\/et_pb_text][\/et_pb_column][et_pb_column type=\u00bb2_5&#8243; _builder_version=\u00bb4.16&#8243; _module_preset=\u00bbdefault\u00bb custom_padding=\u00bb|||\u00bb global_colors_info=\u00bb{}\u00bb custom_padding__hover=\u00bb|||\u00bb][et_pb_text _builder_version=\u00bb4.21.2&#8243; _module_preset=\u00bb17c46823-c018-489c-a99f-44c95ff740a5&#8243; text_font=\u00bb||||||||\u00bb text_font_size=\u00bb16px\u00bb text_line_height=\u00bb2em\u00bb header_font=\u00bb||||||||\u00bb header_2_text_align=\u00bbcenter\u00bb header_2_letter_spacing=\u00bb1px\u00bb header_2_line_height=\u00bb1.3em\u00bb header_3_line_height=\u00bb1.4em\u00bb header_6_font=\u00bb||||||||\u00bb text_orientation=\u00bbcenter\u00bb max_width=\u00bb800px\u00bb module_alignment=\u00bbcenter\u00bb text_font_size_tablet=\u00bb\u00bb text_font_size_phone=\u00bb14px\u00bb text_font_size_last_edited=\u00bbon|phone\u00bb locked=\u00bboff\u00bb global_colors_info=\u00bb{}\u00bb]<\/p>\n<h3><strong><span>Jos\u00e9 Macario L\u00f3pez Balderas<\/span><\/strong><\/h3>\n<p><strong><\/strong><\/p>\n<p>[\/et_pb_text][et_pb_button button_url=\u00bbhttp:\/\/aniem.org\/wp-content\/uploads\/2023\/09\/Politica-Educativa-e-Instruccion-Publica.pdf\u00bb url_new_window=\u00bbon\u00bb button_text=\u00bbConocer m\u00e1s\u00bb button_alignment=\u00bbcenter\u00bb _builder_version=\u00bb4.22.1&#8243; _module_preset=\u00bbdefault\u00bb global_colors_info=\u00bb{}\u00bb][\/et_pb_button][\/et_pb_column][\/et_pb_row][et_pb_row _builder_version=\u00bb4.22.1&#8243; _module_preset=\u00bbdefault\u00bb][et_pb_column _builder_version=\u00bb4.22.1&#8243; _module_preset=\u00bbdefault\u00bb type=\u00bb4_4&#8243;][et_pb_code _builder_version=\u00bb4.22.1&#8243; _module_preset=\u00bbdefault\u00bb hover_enabled=\u00bb0&#8243; sticky_enabled=\u00bb0&#8243;]<iframe loading=\"lazy\" src=\"http:\/\/aniem.org\/wp-content\/uploads\/2023\/09\/Politica-Educativa-e-Instruccion-Publica.pdf\" height=\"600px\" width=\"100%\"><!-- [et_pb_line_break_holder] -->  <!-- [et_pb_line_break_holder] --><\/iframe>[\/et_pb_code][\/et_pb_column][\/et_pb_row][\/et_pb_section]<\/p>\n","protected":false},"excerpt":{"rendered":"<p>Pol\u00edtica educativa, instrucci\u00f3n p\u00fablica y educaci\u00f3nEn este ensayo se pretende analizar la confusi\u00f3n que existe entre el concepto actual de educaci\u00f3n y de instrucci\u00f3n, que se deriva de una err\u00f3nea interpretaci\u00f3n conceptual, basada en una inferencia centralizada de las pol\u00edticas educativas, la cual surge, ante la falta de contextualizaci\u00f3n en la econom\u00eda de mercado. Esta [&hellip;]<\/p>\n","protected":false},"author":1,"featured_media":0,"parent":0,"menu_order":0,"comment_status":"closed","ping_status":"closed","template":"","meta":{"_et_pb_use_builder":"on","_et_pb_old_content":"<!-- wp:divi\/placeholder \/-->","_et_gb_content_width":"","footnotes":""},"class_list":["post-71","page","type-page","status-publish","hentry"],"_links":{"self":[{"href":"https:\/\/aniem.org\/index.php\/wp-json\/wp\/v2\/pages\/71"}],"collection":[{"href":"https:\/\/aniem.org\/index.php\/wp-json\/wp\/v2\/pages"}],"about":[{"href":"https:\/\/aniem.org\/index.php\/wp-json\/wp\/v2\/types\/page"}],"author":[{"embeddable":true,"href":"https:\/\/aniem.org\/index.php\/wp-json\/wp\/v2\/users\/1"}],"replies":[{"embeddable":true,"href":"https:\/\/aniem.org\/index.php\/wp-json\/wp\/v2\/comments?post=71"}],"version-history":[{"count":6,"href":"https:\/\/aniem.org\/index.php\/wp-json\/wp\/v2\/pages\/71\/revisions"}],"predecessor-version":[{"id":279,"href":"https:\/\/aniem.org\/index.php\/wp-json\/wp\/v2\/pages\/71\/revisions\/279"}],"wp:attachment":[{"href":"https:\/\/aniem.org\/index.php\/wp-json\/wp\/v2\/media?parent=71"}],"curies":[{"name":"wp","href":"https:\/\/api.w.org\/{rel}","templated":true}]}}