{"id":2,"date":"2023-09-12T01:20:20","date_gmt":"2023-09-12T01:20:20","guid":{"rendered":"http:\/\/aniem.org\/?page_id=2"},"modified":"2023-10-09T17:51:43","modified_gmt":"2023-10-09T17:51:43","slug":"sample-page","status":"publish","type":"page","link":"https:\/\/aniem.org\/index.php\/sample-page\/","title":{"rendered":"Academia"},"content":{"rendered":"<p>[et_pb_section fb_built=\u00bb1&#8243; _builder_version=\u00bb4.22.1&#8243; _module_preset=\u00bbdefault\u00bb global_colors_info=\u00bb{}\u00bb theme_builder_area=\u00bbpost_content\u00bb][et_pb_row _builder_version=\u00bb4.22.2&#8243; _module_preset=\u00bbdefault\u00bb hover_enabled=\u00bb0&#8243; locked=\u00bboff\u00bb global_colors_info=\u00bb{}\u00bb theme_builder_area=\u00bbpost_content\u00bb sticky_enabled=\u00bb0&#8243;][et_pb_column type=\u00bb4_4&#8243; _builder_version=\u00bb4.16&#8243; _module_preset=\u00bbdefault\u00bb custom_padding=\u00bb|||\u00bb global_colors_info=\u00bb{}\u00bb custom_padding__hover=\u00bb|||\u00bb theme_builder_area=\u00bbpost_content\u00bb][et_pb_image src=\u00bbhttp:\/\/aniem.org\/wp-content\/uploads\/2023\/10\/Imagenes-pagina-web-ANIEM-26.png\u00bb alt=\u00bbANIEM Congreso\u00bb title_text=\u00bbIm\u00e1genes p\u00e1gina web ANIEM (26)\u00bb _builder_version=\u00bb4.22.2&#8243; _module_preset=\u00bbdefault\u00bb hover_enabled=\u00bb0&#8243; global_colors_info=\u00bb{}\u00bb theme_builder_area=\u00bbpost_content\u00bb sticky_enabled=\u00bb0&#8243;][\/et_pb_image][et_pb_text _builder_version=\u00bb4.22.1&#8243; _module_preset=\u00bbad5f9e8a-dedd-4751-ba8b-4faf3193f06f\u00bb text_font=\u00bb||||||||\u00bb text_font_size=\u00bb16px\u00bb text_line_height=\u00bb2em\u00bb header_font=\u00bb||||||||\u00bb header_font_size=\u00bb55px\u00bb header_2_text_align=\u00bbcenter\u00bb header_2_letter_spacing=\u00bb1px\u00bb header_2_line_height=\u00bb1.3em\u00bb header_3_line_height=\u00bb1.4em\u00bb header_6_font=\u00bb||||||||\u00bb text_orientation=\u00bbcenter\u00bb max_width=\u00bb800px\u00bb module_alignment=\u00bbcenter\u00bb text_font_size_tablet=\u00bb\u00bb text_font_size_phone=\u00bb14px\u00bb text_font_size_last_edited=\u00bbon|phone\u00bb locked=\u00bboff\u00bb global_colors_info=\u00bb{}\u00bb theme_builder_area=\u00bbpost_content\u00bb]<\/p>\n<h1 class=\"entry-title\">Academia<\/h1>\n<p>[\/et_pb_text][et_pb_text _builder_version=\u00bb4.22.1&#8243; _module_preset=\u00bbad5f9e8a-dedd-4751-ba8b-4faf3193f06f\u00bb text_font=\u00bb||||||||\u00bb text_font_size=\u00bb16px\u00bb text_line_height=\u00bb2em\u00bb header_font=\u00bb||||||||\u00bb header_2_text_align=\u00bbcenter\u00bb header_2_letter_spacing=\u00bb1px\u00bb header_2_line_height=\u00bb1.3em\u00bb header_3_line_height=\u00bb1.4em\u00bb header_6_font=\u00bb||||||||\u00bb max_width=\u00bb800px\u00bb module_alignment=\u00bbcenter\u00bb text_font_size_tablet=\u00bb\u00bb text_font_size_phone=\u00bb14px\u00bb text_font_size_last_edited=\u00bbon|phone\u00bb locked=\u00bboff\u00bb global_colors_info=\u00bb{}\u00bb theme_builder_area=\u00bbpost_content\u00bb]<\/p>\n<p>\u00a0La academia y la investigaci\u00f3n educativa desempe\u00f1an un papel esencial en la filosof\u00eda de la Asociaci\u00f3n Nacional por la Inclusividad Educativa en M\u00e9xico, ya que representan pilares fundamentales para el avance y la mejora de la humanidad en t\u00e9rminos de igualdad, inclusi\u00f3n y desarrollo sostenible.<\/p>\n<p>La academia y la investigaci\u00f3n educativa, desde la filosof\u00eda de la Asociaci\u00f3n Nacional por la Inclusividad Educativa, son motores del progreso humano. Estas disciplinas se entrelazan para impulsar cambios significativos en la sociedad al promover la igualdad de oportunidades y la inclusi\u00f3n en la educaci\u00f3n.<\/p>\n<p>Representan:<\/p>\n<p><strong>1. **Conocimiento Fundamentado**<\/strong>: La academia y la investigaci\u00f3n educativa se basan en la b\u00fasqueda constante de conocimiento riguroso y fundamentado. Proporcionan una base s\u00f3lida de evidencia y datos para comprender los desaf\u00edos y las oportunidades en el \u00e1mbito educativo.<\/p>\n<p><strong>2. **Mejora Continua**<\/strong>: La investigaci\u00f3n educativa permite identificar \u00e1reas de mejora en el sistema educativo, enfoques pedag\u00f3gicos y pol\u00edticas educativas. La academia facilita la capacitaci\u00f3n de educadores y la difusi\u00f3n de las mejores pr\u00e1cticas, contribuyendo as\u00ed a una educaci\u00f3n de mayor calidad.<\/p>\n<p><strong>3. **Innovaci\u00f3n y Adaptaci\u00f3n**<\/strong>: La investigaci\u00f3n educativa estimula la innovaci\u00f3n en la ense\u00f1anza y el aprendizaje. Proporciona la base para desarrollar enfoques educativos adaptados a las necesidades cambiantes de los estudiantes y las comunidades.<\/p>\n<p><strong>4. **Equidad e Inclusi\u00f3n**<\/strong>: La academia y la investigaci\u00f3n educativa son herramientas poderosas para abordar desigualdades educativas y fomentar la inclusi\u00f3n. Ayudan a comprender las barreras que enfrentan grupos marginados y a dise\u00f1ar estrategias para superarlas.<\/p>\n<p><strong>5. **Colaboraci\u00f3n Interdisciplinaria**<\/strong>: Fomentan la colaboraci\u00f3n entre diversas disciplinas, lo que enriquece la comprensi\u00f3n de los desaf\u00edos educativos desde m\u00faltiples perspectivas y promueve soluciones m\u00e1s hol\u00edsticas.<\/p>\n<p><strong>6. **Compromiso Social**<\/strong>: La investigaci\u00f3n educativa y la academia est\u00e1n intr\u00ednsecamente ligadas a un compromiso social profundo. Contribuyen a la creaci\u00f3n de sociedades m\u00e1s justas y equitativas al empoderar a las personas a trav\u00e9s de la educaci\u00f3n.<\/p>\n<p><strong>7. **Desarrollo Sostenible**<\/strong>: La educaci\u00f3n y la investigaci\u00f3n educativa son fundamentales para el logro de los Objetivos de Desarrollo Sostenible de las Naciones Unidas. Ayudan a formar ciudadanos informados y comprometidos que pueden contribuir al bienestar de la sociedad y el medio ambiente.<\/p>\n<p>En resumen, la academia y la investigaci\u00f3n educativa representan motores de cambio y progreso en la sociedad, alineados con la misi\u00f3n de la Asociaci\u00f3n Nacional por la Inclusividad Educativa. Son herramientas esenciales para crear un mundo m\u00e1s inclusivo, equitativo y educado, donde todas las personas tengan la oportunidad de alcanzar su m\u00e1ximo potencial y contribuir al bienestar com\u00fan.<\/p>\n<p style=\"text-align: left;\">\n<p>[\/et_pb_text][\/et_pb_column][\/et_pb_row][\/et_pb_section]<\/p>\n","protected":false},"excerpt":{"rendered":"<p>Academia\u00a0La academia y la investigaci\u00f3n educativa desempe\u00f1an un papel esencial en la filosof\u00eda de la Asociaci\u00f3n Nacional por la Inclusividad Educativa en M\u00e9xico, ya que representan pilares fundamentales para el avance y la mejora de la humanidad en t\u00e9rminos de igualdad, inclusi\u00f3n y desarrollo sostenible. La academia y la investigaci\u00f3n educativa, desde la filosof\u00eda de [&hellip;]<\/p>\n","protected":false},"author":1,"featured_media":0,"parent":0,"menu_order":0,"comment_status":"closed","ping_status":"closed","template":"","meta":{"_et_pb_use_builder":"on","_et_pb_old_content":"<!-- wp:paragraph -->\n<p>This is an example page. It's different from a blog post because it will stay in one place and will show up in your site navigation (in most themes). Most people start with an About page that introduces them to potential site visitors. It might say something like this:<\/p>\n<!-- \/wp:paragraph -->\n\n<!-- wp:quote -->\n<blockquote class=\"wp-block-quote\"><!-- wp:paragraph -->\n<p>Hi there! I'm a bike messenger by day, aspiring actor by night, and this is my website. I live in Los Angeles, have a great dog named Jack, and I like pi\u00f1a coladas. (And gettin' caught in the rain.)<\/p>\n<!-- \/wp:paragraph --><\/blockquote>\n<!-- \/wp:quote -->\n\n<!-- wp:paragraph -->\n<p>...or something like this:<\/p>\n<!-- \/wp:paragraph -->\n\n<!-- wp:quote -->\n<blockquote class=\"wp-block-quote\"><!-- wp:paragraph -->\n<p>The XYZ Doohickey Company was founded in 1971, and has been providing quality doohickeys to the public ever since. Located in Gotham City, XYZ employs over 2,000 people and does all kinds of awesome things for the Gotham community.<\/p>\n<!-- \/wp:paragraph --><\/blockquote>\n<!-- \/wp:quote -->\n\n<!-- wp:paragraph -->\n<p>As a new WordPress user, you should go to <a href=\"http:\/\/aniem.org\/wp-admin\/\">your dashboard<\/a> to delete this page and create new pages for your content. Have fun!<\/p>\n<!-- \/wp:paragraph -->","_et_gb_content_width":"","footnotes":""},"class_list":["post-2","page","type-page","status-publish","hentry"],"_links":{"self":[{"href":"https:\/\/aniem.org\/index.php\/wp-json\/wp\/v2\/pages\/2"}],"collection":[{"href":"https:\/\/aniem.org\/index.php\/wp-json\/wp\/v2\/pages"}],"about":[{"href":"https:\/\/aniem.org\/index.php\/wp-json\/wp\/v2\/types\/page"}],"author":[{"embeddable":true,"href":"https:\/\/aniem.org\/index.php\/wp-json\/wp\/v2\/users\/1"}],"replies":[{"embeddable":true,"href":"https:\/\/aniem.org\/index.php\/wp-json\/wp\/v2\/comments?post=2"}],"version-history":[{"count":3,"href":"https:\/\/aniem.org\/index.php\/wp-json\/wp\/v2\/pages\/2\/revisions"}],"predecessor-version":[{"id":484,"href":"https:\/\/aniem.org\/index.php\/wp-json\/wp\/v2\/pages\/2\/revisions\/484"}],"wp:attachment":[{"href":"https:\/\/aniem.org\/index.php\/wp-json\/wp\/v2\/media?parent=2"}],"curies":[{"name":"wp","href":"https:\/\/api.w.org\/{rel}","templated":true}]}}